{"id":12850,"date":"2019-05-26T17:37:01","date_gmt":"2019-05-26T15:37:01","guid":{"rendered":"http:\/\/www.ben-cms.de\/web005\/?page_id=12850"},"modified":"2021-08-31T23:52:01","modified_gmt":"2021-08-31T23:52:01","slug":"stadtmeisterschaften","status":"publish","type":"page","link":"https:\/\/tusferndorf-tischtennis.de\/?page_id=12850","title":{"rendered":"Offene Stadtmeisterschaften Kreuztal"},"content":{"rendered":"<div class=\"\" data-block=\"true\" data-editor=\"83n52\" data-offset-key=\"8dkcf-0-0\">\n<div class=\"_1mf _1mj\" data-offset-key=\"8dkcf-0-0\">Stadtmeisterschaften 2020 sind abgesagt!<\/div>\n<\/div>\n<div data-offset-key=\"8shlh-0-0\"><\/div>\n<div data-offset-key=\"8shlh-0-0\"><span data-offset-key=\"7hft4-0-0\">Leider starb mit der Entscheidung der Bundesregierung die letzte Hoffnung auf den Ansatz von baldiger Normalit\u00e4t, so dass wir uns leider \u2013 nach 17 Jahren am St\u00fcck \u2013 dazu entscheiden mussten die Stadtmeisterschaften 2020 abzusagen. Wir bedanken und bei allen Sponsoren und Helfern, die im Vorfeld schon aktiv waren. Wir hoffen, dass wir im n\u00e4chsten Jahr mit einem tollen Turnier wieder die wei\u00dfe Kugel springen lassen k\u00f6nnen! <\/span><\/div>\n<p><strong>Eure Turnierorganisatoren des TuS Ferndorf<\/strong><\/p>\n<p>Teilnehmer Stadtmeisterschaften im click-tt Zeitalter seit 2012 <strong>Erwachsene<\/strong>:<br \/>\n\n<table id=\"tablepress-41\" class=\"tablepress tablepress-id-41\">\n<thead>\n<tr class=\"row-1\">\n\t<th class=\"column-1\">Klasse:<\/th><th class=\"column-2\">H - S\/A<\/th><th class=\"column-3\">H - B<\/th><th class=\"column-4\">H - C<\/th><th class=\"column-5\">H - D<\/th><th class=\"column-6\">H - E<\/th><th class=\"column-7\">H - F<\/th><th class=\"column-8\">Damen<\/th><th class=\"column-9\">2er-Team<br \/>\n(gesamt)<\/th>\n<\/tr>\n<\/thead>\n<tbody class=\"row-striping row-hover\">\n<tr class=\"row-2\">\n\t<td class=\"column-1\">2012<\/td><td class=\"column-2\">15<\/td><td class=\"column-3\">21<\/td><td class=\"column-4\">21<\/td><td class=\"column-5\">45<\/td><td class=\"column-6\">49<\/td><td class=\"column-7\">0<\/td><td class=\"column-8\">22<\/td><td class=\"column-9\">-<\/td>\n<\/tr>\n<tr class=\"row-3\">\n\t<td class=\"column-1\">2013<\/td><td class=\"column-2\">10<\/td><td class=\"column-3\">18<\/td><td class=\"column-4\">21<\/td><td class=\"column-5\">49<\/td><td class=\"column-6\">33<\/td><td class=\"column-7\">23<\/td><td class=\"column-8\">11<\/td><td class=\"column-9\">-<\/td>\n<\/tr>\n<tr class=\"row-4\">\n\t<td class=\"column-1\">2014<\/td><td class=\"column-2\">16<\/td><td class=\"column-3\">17<\/td><td class=\"column-4\">22<\/td><td class=\"column-5\">45<\/td><td class=\"column-6\">34<\/td><td class=\"column-7\">55<\/td><td class=\"column-8\">23<\/td><td class=\"column-9\">-<\/td>\n<\/tr>\n<tr class=\"row-5\">\n\t<td class=\"column-1\">2015<\/td><td class=\"column-2\">15<\/td><td class=\"column-3\">16<\/td><td class=\"column-4\">44<\/td><td class=\"column-5\">31<\/td><td class=\"column-6\">27<\/td><td class=\"column-7\">21<\/td><td class=\"column-8\">15<\/td><td class=\"column-9\">-<\/td>\n<\/tr>\n<tr class=\"row-6\">\n\t<td class=\"column-1\">2016<\/td><td class=\"column-2\">10<\/td><td class=\"column-3\">19<\/td><td class=\"column-4\">39<\/td><td class=\"column-5\">32<\/td><td class=\"column-6\">28<\/td><td class=\"column-7\">25<\/td><td class=\"column-8\">7<\/td><td class=\"column-9\">-<\/td>\n<\/tr>\n<tr class=\"row-7\">\n\t<td class=\"column-1\">2017<\/td><td class=\"column-2\">12<\/td><td class=\"column-3\">13<\/td><td class=\"column-4\">32<\/td><td class=\"column-5\">19<\/td><td class=\"column-6\">27<\/td><td class=\"column-7\">13<\/td><td class=\"column-8\">-<\/td><td class=\"column-9\">27<\/td>\n<\/tr>\n<tr class=\"row-8\">\n\t<td class=\"column-1\">2018<\/td><td class=\"column-2\">7<\/td><td class=\"column-3\">7<\/td><td class=\"column-4\">26<\/td><td class=\"column-5\">24<\/td><td class=\"column-6\">22<\/td><td class=\"column-7\">26<\/td><td class=\"column-8\">-<\/td><td class=\"column-9\">18<\/td>\n<\/tr>\n<tr class=\"row-9\">\n\t<td class=\"column-1\">2019<\/td><td class=\"column-2\">14<\/td><td class=\"column-3\">26<\/td><td class=\"column-4\">36<\/td><td class=\"column-5\">28<\/td><td class=\"column-6\">22<\/td><td class=\"column-7\">-<\/td><td class=\"column-8\">-<\/td><td class=\"column-9\">30<\/td>\n<\/tr>\n<\/tbody>\n<\/table>\n<!-- #tablepress-41 from cache --><br \/>\nTeilnehmer Stadtmeisterschaften im click-tt Zeitalter seit 2012 <strong>Nachwuchs*<\/strong>:<br \/>\n\n<table id=\"tablepress-42\" class=\"tablepress tablepress-id-42\">\n<thead>\n<tr class=\"row-1\">\n\t<th class=\"column-1\">Klasse:<\/th><th class=\"column-2\">Ju 18<\/th><th class=\"column-3\">M\u00e4 18<\/th><th class=\"column-4\">Ju 15 <\/th><th class=\"column-5\">M\u00e4 15<\/th><th class=\"column-6\">Ju 13<\/th><th class=\"column-7\">M\u00e4 13<\/th><th class=\"column-8\">Ju\/M\u00e4 13<\/th>\n<\/tr>\n<\/thead>\n<tbody class=\"row-striping row-hover\">\n<tr class=\"row-2\">\n\t<td class=\"column-1\">2012<\/td><td class=\"column-2\">37<\/td><td class=\"column-3\">5<\/td><td class=\"column-4\">15<\/td><td class=\"column-5\">4<\/td><td class=\"column-6\">12<\/td><td class=\"column-7\">4<\/td><td class=\"column-8\">0<\/td>\n<\/tr>\n<tr class=\"row-3\">\n\t<td class=\"column-1\">2013<\/td><td class=\"column-2\">31<\/td><td class=\"column-3\">5<\/td><td class=\"column-4\">27<\/td><td class=\"column-5\">4<\/td><td class=\"column-6\">15<\/td><td class=\"column-7\">0<\/td><td class=\"column-8\">9<\/td>\n<\/tr>\n<tr class=\"row-4\">\n\t<td class=\"column-1\">2014<\/td><td class=\"column-2\">24<\/td><td class=\"column-3\">6<\/td><td class=\"column-4\">26<\/td><td class=\"column-5\">5<\/td><td class=\"column-6\">27<\/td><td class=\"column-7\">0<\/td><td class=\"column-8\">12<\/td>\n<\/tr>\n<tr class=\"row-5\">\n\t<td class=\"column-1\">2015<\/td><td class=\"column-2\">30<\/td><td class=\"column-3\">0<\/td><td class=\"column-4\">95<\/td><td class=\"column-5\">0<\/td><td class=\"column-6\">0<\/td><td class=\"column-7\">0<\/td><td class=\"column-8\">0<\/td>\n<\/tr>\n<tr class=\"row-6\">\n\t<td class=\"column-1\">2016<\/td><td class=\"column-2\">36<\/td><td class=\"column-3\">0<\/td><td class=\"column-4\">69<\/td><td class=\"column-5\">0<\/td><td class=\"column-6\">0<\/td><td class=\"column-7\">0<\/td><td class=\"column-8\">0<\/td>\n<\/tr>\n<tr class=\"row-7\">\n\t<td class=\"column-1\">2017<\/td><td class=\"column-2\">33<\/td><td class=\"column-3\">0<\/td><td class=\"column-4\">67<\/td><td class=\"column-5\">0<\/td><td class=\"column-6\">0<\/td><td class=\"column-7\">0<\/td><td class=\"column-8\">0<\/td>\n<\/tr>\n<tr class=\"row-8\">\n\t<td class=\"column-1\">2018<\/td><td class=\"column-2\">26<\/td><td class=\"column-3\">0<\/td><td class=\"column-4\">41<\/td><td class=\"column-5\">0<\/td><td class=\"column-6\">0<\/td><td class=\"column-7\">0<\/td><td class=\"column-8\">0<\/td>\n<\/tr>\n<tr class=\"row-9\">\n\t<td class=\"column-1\">2019<\/td><td class=\"column-2\">17<\/td><td class=\"column-3\">0<\/td><td class=\"column-4\">24<\/td><td class=\"column-5\">0<\/td><td class=\"column-6\">0<\/td><td class=\"column-7\">0<\/td><td class=\"column-8\">0<\/td>\n<\/tr>\n<\/tbody>\n<\/table>\n<!-- #tablepress-42 from cache --><br \/>\n<span style=\"color: #0000ff;\"><em>* Seit 2015 Einteilung nach TTR und nicht mehr in alle Altersklassen.<\/em><\/span><\/p>\n","protected":false},"excerpt":{"rendered":"<p>Stadtmeisterschaften 2020 sind abgesagt! Leider starb mit der Entscheidung der Bundesregierung die letzte Hoffnung auf den Ansatz von baldiger Normalit\u00e4t, so dass wir uns leider \u2013 nach 17 Jahren am &hellip; <\/p>\n<p class=\"link-more\"><a href=\"https:\/\/tusferndorf-tischtennis.de\/?page_id=12850\" class=\"more-link\"><span class=\"screen-reader-text\">\u201eOffene Stadtmeisterschaften Kreuztal\u201c<\/span> weiterlesen<\/a><\/p>\n","protected":false},"author":2,"featured_media":0,"parent":0,"menu_order":6,"comment_status":"closed","ping_status":"closed","template":"","meta":{"footnotes":""},"class_list":["post-12850","page","type-page","status-publish","hentry"],"_links":{"self":[{"href":"https:\/\/tusferndorf-tischtennis.de\/index.php?rest_route=\/wp\/v2\/pages\/12850","targetHints":{"allow":["GET"]}}],"collection":[{"href":"https:\/\/tusferndorf-tischtennis.de\/index.php?rest_route=\/wp\/v2\/pages"}],"about":[{"href":"https:\/\/tusferndorf-tischtennis.de\/index.php?rest_route=\/wp\/v2\/types\/page"}],"author":[{"embeddable":true,"href":"https:\/\/tusferndorf-tischtennis.de\/index.php?rest_route=\/wp\/v2\/users\/2"}],"replies":[{"embeddable":true,"href":"https:\/\/tusferndorf-tischtennis.de\/index.php?rest_route=%2Fwp%2Fv2%2Fcomments&post=12850"}],"version-history":[{"count":1,"href":"https:\/\/tusferndorf-tischtennis.de\/index.php?rest_route=\/wp\/v2\/pages\/12850\/revisions"}],"predecessor-version":[{"id":16878,"href":"https:\/\/tusferndorf-tischtennis.de\/index.php?rest_route=\/wp\/v2\/pages\/12850\/revisions\/16878"}],"wp:attachment":[{"href":"https:\/\/tusferndorf-tischtennis.de\/index.php?rest_route=%2Fwp%2Fv2%2Fmedia&parent=12850"}],"curies":[{"name":"wp","href":"https:\/\/api.w.org\/{rel}","templated":true}]}}