{"id":13867,"date":"2019-06-04T23:42:05","date_gmt":"2019-06-04T21:42:05","guid":{"rendered":"http:\/\/www.ben-cms.de\/web005\/?page_id=13867"},"modified":"2019-06-04T23:42:05","modified_gmt":"2019-06-04T21:42:05","slug":"impressum-disclaimer","status":"publish","type":"page","link":"https:\/\/tusferndorf-tischtennis.de\/?page_id=13867","title":{"rendered":"Impressum\/Disclaimer"},"content":{"rendered":"<div class=\"entry clearfix\">\n<strong>DATENSCHUTZERKL\u00c4RUNG<\/strong><br \/>\n<strong>1. Allgemeines<\/strong><br \/>\nIhre personenbezogenen Daten (z. B. Anrede, Name, Anschrift, E-Mail-Adresse, Telefonnummer, Bankverbindung, Kreditkartennummer) werden von uns nur gem\u00e4\u00df den Bestimmungen des deutschen Datenschutzrechts verarbeitet. Die nachfolgenden Vorschriften informieren Sie \u00fcber Art, Umfang und Zweck der Erhebung, Verarbeitung und Nutzung personenbezogener Daten. Diese Datenschutzerkl\u00e4rung bezieht sich nur auf unsere Webseiten. Falls Sie \u00fcber Links auf unseren Seiten auf andere Seiten weitergeleitet werden, informieren Sie sich bitte dort \u00fcber den jeweiligen Umgang mit Ihren Daten.<br \/>\n<strong>2. Bestandsdaten<\/strong><br \/>\n2.1 Ihre personenbezogenen Daten, soweit diese f\u00fcr die Begr\u00fcndung, inhaltliche Ausgestaltung oder \u00c4nderung des Vertragsverh\u00e4ltnisses erforderlich sind (Bestandsdaten), werden ausschlie\u00dflich zur Vertragsabwicklung verwendet. So muss z. B. zur Zustellung der Waren Ihr Name und Ihre Anschrift an den Warenlieferanten weitergegeben werden.<br \/>\n2.2 Ohne Ihre ausdr\u00fcckliche Einwilligung oder ohne gesetzliche Grundlage werden Ihre personenbezogenen Daten nicht an au\u00dferhalb der Vertragsabwicklung stehende Dritte weitergegeben. Nach vollst\u00e4ndiger Vertragsabwicklung werden Ihre Daten f\u00fcr die weitere Verwendung gesperrt. Nach Ablauf der steuer- und handelsrechtlichen Vorschriften werden diese Daten gel\u00f6scht, sofern Sie nicht ausdr\u00fccklich in die weitere Nutzung eingewilligt haben.<br \/>\n<strong>3. Bonit\u00e4tspr\u00fcfung und Scoring<\/strong><br \/>\nSofern wir in Vorleistung treten, z. B. bei einem Kauf auf Rechnung, holen wir zur Wahrung unserer berechtigten Interessen ggf. eine Bonit\u00e4tsauskunft auf der Basis mathematischstatistischer Verfahren bei der Creditreform, Hellersbergstra\u00dfe 12, 41460 Neuss ein. Hierzu \u00fcbermitteln wir die zu einer Bonit\u00e4tspr\u00fcfung ben\u00f6tigten personenbezogenen Daten an die Creditreform und verwenden die erhaltenen Informationen \u00fcber die statistische Wahrscheinlichkeit eines Zahlungsausfalls f\u00fcr eine abgewogene Entscheidung \u00fcber die Begr\u00fcndung, Durchf\u00fchrung oder Beendigung des Vertragsverh\u00e4ltnisses. Die Bonit\u00e4tsauskunft kann Wahrscheinlichkeitswerte (Score-Werte) beinhalten, die auf Basis wissenschaftlich anerkannter mathematischstatistischer Verfahren berechnet werden und in deren Berechnung unter anderem Anschriftendaten einflie\u00dfen. Ihre schutzw\u00fcrdigen Belange werden gem\u00e4\u00df den gesetzlichen Bestimmungen ber\u00fccksichtigt.<br \/>\n<strong>4. Webanalyse mit Google Analytics<\/strong><br \/>\nDiese Website benutzt Google Analytics, einen Webanalysedienst der Google Inc. (\u201eGoogle\u201c), 1600 Amphitheatre Parkway, Mountain View CA 94043, USA. Google Analytics verwendet sog. \u201eCookies\u201c, Textdateien, die auf Ihrem Computer gespeichert werden und die eine Analyse der Benutzung der Website durch Sie erm\u00f6glichen. Die durch den Cookie erzeugten Informationen \u00fcber Ihre Benutzung dieser Website werden in der Regel an einen Server von Google in den USA \u00fcbertragen und dort gespeichert. Im Falle der Aktivierung der IP-Anonymisierung auf dieser Webseite, wird Ihre IP-Adresse von Google jedoch innerhalb von Mitgliedstaaten der Europ\u00e4ischen Union oder in anderen Vertragsstaaten des Abkommens \u00fcber den Europ\u00e4ischen Wirtschaftsraum zuvor gek\u00fcrzt. Nur in Ausnahmef\u00e4llen wird die volle IP-Adresse an einen Server von Google in den USA \u00fcbertragen und dort gek\u00fcrzt. Im Auftrag des Betreibers dieser Website wird Google diese Informationen benutzen, um Ihre Nutzung der Website auszuwerten, um Reports \u00fcber die Websiteaktivit\u00e4ten zusammenzustellen und um weitere mit der Websitenutzung und der Internetnutzung verbundene Dienstleistungen gegen\u00fcber dem Websitebetreiber zu erbringen. Die im Rahmen von Google Analytics von Ihrem Browser \u00fcbermittelte IP-Adresse wird nicht mit anderen Daten von Google zusammengef\u00fchrt. Sie k\u00f6nnen die Speicherung der Cookies durch eine entsprechende Einstellung Ihrer Browser-Software verhindern; wir weisen Sie jedoch darauf hin, dass Sie in diesem Fall gegebenenfalls nicht s\u00e4mtliche Funktionen dieser Website vollumf\u00e4nglich werden nutzen k\u00f6nnen. Sie k\u00f6nnen dar\u00fcber hinaus die Erfassung der durch das Cookie erzeugten und auf Ihre Nutzung der Website bezogenen Daten (inkl. Ihrer IP-Adresse) an Google sowie die Verarbeitung dieser Daten durch Google verhindern, indem Sie das unter dem folgenden Link verf\u00fcgbare Browser-Plugin herunterladen und installieren: Browser-Add-on zur Deaktivierung von Google Analytics. Diese Webseite benutzt Google Analytics mit der Erweiterung \u201eanonymizeIP()\u201c, damit die IP-Adressen nur gek\u00fcrzt weiterverarbeitet werden, um eine direkte Personenbeziehbarkeit auszuschlie\u00dfen. Details zum Umgang mit Ihren pers\u00f6nlichen Daten durch Google Analytics sowie Ihren diesbez\u00fcglichen Rechten entnehmen Sie bitte den Datenschutzhinweis von Google Analytics.<br \/>\n<strong>5. Informationen \u00fcber Cookies<\/strong><br \/>\nZur Optimierung unseres Internetauftritts setzen wir Cookies ein. Es handelt sich dabei um kleine Textdateien, die vor\u00fcbergehend im Arbeitsspeicher Ihres Computers gespeichert werden. Diese Cookies werden nach einer bestimmten Zeit wieder gel\u00f6scht. Das Speichern von Cookies k\u00f6nnen Sie verhindern, indem Sie in Ihren Browser-Einstellungen \u201eCookies blockieren\u201c w\u00e4hlen. Dies kann aber eine Funktionseinschr\u00e4nkung unserer Angebote zur Folge haben.<br \/>\n<strong>6. Social Plugins von Facebook<\/strong><br \/>\nWir verwenden Social Media Plugins von facebook.com, betrieben durch Facebook Inc., 1601 S. California Ave, Palo Alto, CA 94304, USA. Die Plugins sind an dem Facebook Logo, der Facebook Hand mit Daumen oder dem Zusatz \u201eFacebook Social Plugin\u201c zu erkennen. Wenn Sie z. B. den \u201eGef\u00e4llt mir\u201c oder \u201eTeilen\u201c Button anklicken oder einen Kommentar abgeben, wird die entsprechende Information von Ihrem Browser direkt an Facebook \u00fcbermittelt und dort gespeichert. Weiterhin macht Facebook Ihre Vorlieben f\u00fcr Ihre Facebook-Freunde \u00f6ffentlich. Sind Sie bei Facebook eingeloggt, kann Facebook den Aufruf unserer Seite Ihrem Facebook-Konto direkt zuordnen. Auch wenn Sie nicht eingeloggt sind oder gar kein Facebook-Konto besitzen, \u00fcbermittelt Ihr Browser Informationen (z. B. welchen Webseite Sie aufgerufen haben, Ihre IP-Adresse), die von Facebook gespeichert werden. Wir haben keinen Einfluss auf den Umfang der erfassten Daten durch Facebook. Details zum Umgang mit Ihren pers\u00f6nlichen Daten durch Facebook sowie Ihren diesbez\u00fcglichen Rechten entnehmen Sie bitte den Datenschutzhinweisen von Facebook: Facebook-Nutzungsbedingungen und Richtlinien. Wenn Sie nicht m\u00f6chten, dass Facebook die \u00fcber unseren Webauftritt gesammelten Daten Ihrem Facebook-Konto zuordnet, m\u00fcssen Sie sich vor Ihrem Besuch unserer Website bei Facebook ausloggen.<br \/>\n<strong>7. Social Plugins von Google<\/strong><br \/>\nWir verwenden Social Plugins von Google+, betrieben durch Google Inc. (\u201eGoogle\u201c), 1600 Amphitheatre Parkway, Mountain View, CA 94043, USA. Die Plugins sind an der Schaltfl\u00e4che mit dem Zeichen \u201e+1\u201c zu erkennen. Wenn Sie z. B. diesen \u201e+1\u201c Button anklicken oder einen Kommentar abgeben, wird die entsprechende Information von Ihrem Browser direkt an Google \u00fcbermittelt und dort gespeichert. Weiterhin macht Google Ihre Vorlieben f\u00fcr Ihre Google+ Seite \u00f6ffentlich. Sind Sie bei Google eingeloggt, kann Google den Aufruf unserer Seite Ihrem Google+ Konto direkt zuordnen. Auch wenn Sie nicht eingeloggt sind oder gar kein Google-Konto besitzen, \u00fcbermittelt Ihr Browser Informationen (z. B. welchen Webseite Sie aufgerufen haben, Ihre IP-Adresse), die von Google gespeichert werden. Wir haben keinen Einfluss auf den Umfang der erfassten Daten durch Google. Details zum Umgang mit Ihren pers\u00f6nlichen Daten durch Google sowie Ihren diesbez\u00fcglichen Rechten entnehmen Sie bitte den Google +1-Schaltfl\u00e4che \u2014 Datenschutzbestimmungen. Wenn Sie nicht m\u00f6chten, dass Google die \u00fcber unseren Webauftritt gesammelten Daten Ihrem Google-Konto zuordnet, sollten Sie sich vor Ihrem Besuch unserer Webseiten als Google Plus-Mitglied ausloggen.<br \/>\n<strong>8. Social Plugins von Twitter<\/strong><br \/>\nWir verwenden mit Twitter und den Re-Tweet-Funktionen sog. Social Plugins von \u201etwitter.com\u201c, betrieben durch die Twitter Inc., 795 Folsom St., Suite 600, San Francisco, CA 94107, USA. Wenn Sie die Tweet oder Re-Tweet Funktionen nutzen, werden die von Ihnen besuchten Webseiten Dritten bekanntgegeben und mit Ihrem Twitter-Account verbunden. Details zum Umgang mit Ihren Daten durch Twitter sowie zu Ihren Rechten und Einstellungsm\u00f6glichkeiten zum Schutz Ihrer pers\u00f6nlichen Daten k\u00f6nnen Sie den Datenschutzhinweisen von Twitter entnehmen: Twitter Datenschutzrichtlinie.<br \/>\n<strong>9. XING Share-Button<\/strong><br \/>\nAuf dieser Internetseite wird der \u201eXING Share-Button\u201c eingesetzt. Beim Aufruf dieser Internetseite wird \u00fcber Ihren Browser kurzfristig eine Verbindung zu Servern der XING AG (\u201e XING\u201c), G\u00e4nsemarkt 43, 20354 Hamburg, Deutschland aufgebaut, mit denen die \u201eXING Share-Button\u201c-Funktionen (insbesondere die Berechnung\/Anzeige des Z\u00e4hlerwerts) erbracht werden. XING speichert keine personenbezogenen Daten von Ihnen \u00fcber den Aufruf dieser Internetseite. XING speichert insbesondere keine IP-Adressen. Es findet auch keine Auswertung Ihres Nutzungsverhaltens \u00fcber die Verwendung von Cookies im Zusammenhang mit dem \u201eXING Share-Button\u201c statt. Die jeweils aktuellen Datenschutzinformationen zum \u201eXING Share-Button\u201c und erg\u00e4nzende Informationen k\u00f6nnen Sie auf dieser Internetseite abrufen: Datenschutzhinweise f\u00fcr den XING Share-Button.<br \/>\n<strong>10. Newsletter<\/strong><br \/>\nBei Anmeldung zum Newsletter wird Ihre E-Mail-Adresse f\u00fcr eigene Werbezwecke genutzt, bis Sie sich vom Newsletter abmelden. Die Abmeldung ist jederzeit m\u00f6glich.<br \/>\n<strong>11. Auskunft<\/strong><br \/>\nNach dem Bundesdatenschutzgesetz haben Sie ein Recht auf unentgeltliche Auskunft \u00fcber Ihre gespeicherten Daten sowie ggf. ein Recht auf Berichtigung, Sperrung oder L\u00f6schung dieser Daten.\n<\/div>\n","protected":false},"excerpt":{"rendered":"<p>DATENSCHUTZERKL\u00c4RUNG 1. Allgemeines Ihre personenbezogenen Daten (z. B. Anrede, Name, Anschrift, E-Mail-Adresse, Telefonnummer, Bankverbindung, Kreditkartennummer) werden von uns nur gem\u00e4\u00df den Bestimmungen des deutschen Datenschutzrechts verarbeitet. Die nachfolgenden Vorschriften informieren &hellip; <\/p>\n<p class=\"link-more\"><a href=\"https:\/\/tusferndorf-tischtennis.de\/?page_id=13867\" class=\"more-link\"><span class=\"screen-reader-text\">\u201eImpressum\/Disclaimer\u201c<\/span> weiterlesen<\/a><\/p>\n","protected":false},"author":2,"featured_media":0,"parent":12844,"menu_order":12,"comment_status":"closed","ping_status":"closed","template":"","meta":{"footnotes":""},"class_list":["post-13867","page","type-page","status-publish","hentry"],"_links":{"self":[{"href":"https:\/\/tusferndorf-tischtennis.de\/index.php?rest_route=\/wp\/v2\/pages\/13867","targetHints":{"allow":["GET"]}}],"collection":[{"href":"https:\/\/tusferndorf-tischtennis.de\/index.php?rest_route=\/wp\/v2\/pages"}],"about":[{"href":"https:\/\/tusferndorf-tischtennis.de\/index.php?rest_route=\/wp\/v2\/types\/page"}],"author":[{"embeddable":true,"href":"https:\/\/tusferndorf-tischtennis.de\/index.php?rest_route=\/wp\/v2\/users\/2"}],"replies":[{"embeddable":true,"href":"https:\/\/tusferndorf-tischtennis.de\/index.php?rest_route=%2Fwp%2Fv2%2Fcomments&post=13867"}],"version-history":[{"count":0,"href":"https:\/\/tusferndorf-tischtennis.de\/index.php?rest_route=\/wp\/v2\/pages\/13867\/revisions"}],"up":[{"embeddable":true,"href":"https:\/\/tusferndorf-tischtennis.de\/index.php?rest_route=\/wp\/v2\/pages\/12844"}],"wp:attachment":[{"href":"https:\/\/tusferndorf-tischtennis.de\/index.php?rest_route=%2Fwp%2Fv2%2Fmedia&parent=13867"}],"curies":[{"name":"wp","href":"https:\/\/api.w.org\/{rel}","templated":true}]}}