{"id":13878,"date":"2019-06-05T00:22:31","date_gmt":"2019-06-04T22:22:31","guid":{"rendered":"http:\/\/www.ben-cms.de\/web005\/?page_id=13878"},"modified":"2023-05-29T19:29:32","modified_gmt":"2023-05-29T17:29:32","slug":"rund-ums-training","status":"publish","type":"page","link":"https:\/\/tusferndorf-tischtennis.de\/?page_id=13878","title":{"rendered":"Training"},"content":{"rendered":"<p><span style=\"font-size: 14pt;\"><strong>Trainingszeiten:<\/strong><\/span><br \/>\n<strong>Erwachsene<\/strong>:<br \/>\n<em>Montag<\/em>: 19:30 Uhr &#8211; 22 Uhr<br \/>\n<em>Mittwoch<\/em>: 19:30 Uhr &#8211; 22 Uhr<br \/>\n<em>Freitag<\/em>: 19:30 Uhr &#8211; 22 Uhr<\/p>\n<p><strong>Nachwuchs<\/strong>:<br \/>\n<em>Mittwoch<\/em>:<br \/>\nNur MannschaftsspielerInnen:\u00a0 18 Uhr &#8211; 20 Uhr<br \/>\n<em>Freitag<\/em>:<br \/>\nAnf\u00e4nger und Nicht- MannschaftsspielerInnen: 17 Uhr &#8211; 18:30 Uhr<br \/>\nMannschaftsspieler:\u00a0 17 Uhr &#8211; 19:30 Uhr<\/p>\n<p><strong><span style=\"font-size: 14pt;\">Ort:<\/span><\/strong> Zweifach Halle Kreuztal, Hallenteil F<\/p>\n<p><span style=\"font-size: 14pt;\"><strong>Ab welchem Alter kann mein Kind ins Training kommen?<\/strong><\/span><br \/>\nJe fr\u00fcher, desto besser! Vor allem koordinative Bewegungsabl\u00e4ufe und Ballgew\u00f6hnung kann den Kindern fr\u00fch bei- und nahegebracht werden und ihnen helfen diese durchaus komplexen Vorg\u00e4nge fr\u00fchzeitig und spielend zu erlernen. Gerade in fr\u00fchen Jahren, im Alter von 4 &#8211; 6 Jahren, lernen die Kinder diese koordinativen F\u00e4higkeiten schneller. Also scheuen sie sich nicht, ihr Kind in diesem Alter schon mal schnuppern zu lassen.<br \/>\nNat\u00fcrlich kann man aber auch (viel) sp\u00e4ter einsteigen. Da gibt es in unserem Sport zum Gl\u00fcck keine Grenzen.<\/p>\n<p><span style=\"font-size: 14pt;\"><strong>Kontakt:<\/strong> <\/span><br \/>\nWenn ihr Interesse geweckt wurde und sie ihr Kind gerne einmal\u00a0 schnuppern lassen m\u00f6chten, k\u00f6nnen sie sich gerne vorab mit uns in Verbindung setzen (<a href=\"https:\/\/tusferndorf-tischtennis.de\/?page_id=13871\">Jugendwart <em>Kontaktdaten<\/em><\/a><em>),<\/em> oder auch einfach in der Halle vorbei schauen. Wir freuen uns \u00fcber jeden Besuch!<\/p>\n<p><span style=\"font-size: 14pt;\"><strong>Trainingsutensilien:<\/strong><\/span><br \/>\nEs wird eigentlich nur ein Schl\u00e4ger und Hallensportbekleidung (vor allem Hallenschuhe) ben\u00f6tigt. Wir haben Anf\u00e4ngerschl\u00e4ger im Training verf\u00fcgbar, die gerne am Anfang genutzt werden k\u00f6nnen. Wir k\u00f6nnen aber auch gerne Material f\u00fcr die Kinder besorgen.<\/p>\n<p><span style=\"font-size: 14pt;\"><strong>Sportst\u00e4tten:<\/strong><\/span><br \/>\n<span style=\"text-decoration: underline;\"><strong>2-Fach Turnhalle (Spiellokal 2)<\/strong><\/span><br \/>\nSportzentrum St\u00e4hlerwiese<br \/>\nAm Park 57223 Kreuztal<br \/>\nTrainingshalle &amp; Spiellokal innerhalb der Woche (Mo., Mi. &amp; Fr.)<\/p>\n<p><span style=\"text-decoration: underline;\"><strong>Halle D (Spiellokal 1)<\/strong><\/span><br \/>\nSportzentrum St\u00e4hlerwiese<br \/>\nAm Park 57223 Kreuztal<br \/>\nSpiellokal am Wochenende<\/p>\n<p><span style=\"text-decoration: underline;\"><strong>Realschulturnhalle (Spiellokal 3)<\/strong><\/span><br \/>\nSportzentrum St\u00e4hlerwiese<br \/>\nHessengarten 57223 Kreuztal<br \/>\nAusweichspiellokal am Wochenende<\/p>\n<p><span style=\"text-decoration: underline;\"><strong>\u00a0<\/strong><\/span><\/p>\n","protected":false},"excerpt":{"rendered":"<p>Trainingszeiten: Erwachsene: Montag: 19:30 Uhr &#8211; 22 Uhr Mittwoch: 19:30 Uhr &#8211; 22 Uhr Freitag: 19:30 Uhr &#8211; 22 Uhr Nachwuchs: Mittwoch: Nur MannschaftsspielerInnen:\u00a0 18 Uhr &#8211; 20 Uhr Freitag: &hellip; <\/p>\n<p class=\"link-more\"><a href=\"https:\/\/tusferndorf-tischtennis.de\/?page_id=13878\" class=\"more-link\"><span class=\"screen-reader-text\">\u201eTraining\u201c<\/span> weiterlesen<\/a><\/p>\n","protected":false},"author":2,"featured_media":0,"parent":12844,"menu_order":2,"comment_status":"closed","ping_status":"closed","template":"","meta":{"footnotes":""},"class_list":["post-13878","page","type-page","status-publish","hentry"],"_links":{"self":[{"href":"https:\/\/tusferndorf-tischtennis.de\/index.php?rest_route=\/wp\/v2\/pages\/13878","targetHints":{"allow":["GET"]}}],"collection":[{"href":"https:\/\/tusferndorf-tischtennis.de\/index.php?rest_route=\/wp\/v2\/pages"}],"about":[{"href":"https:\/\/tusferndorf-tischtennis.de\/index.php?rest_route=\/wp\/v2\/types\/page"}],"author":[{"embeddable":true,"href":"https:\/\/tusferndorf-tischtennis.de\/index.php?rest_route=\/wp\/v2\/users\/2"}],"replies":[{"embeddable":true,"href":"https:\/\/tusferndorf-tischtennis.de\/index.php?rest_route=%2Fwp%2Fv2%2Fcomments&post=13878"}],"version-history":[{"count":9,"href":"https:\/\/tusferndorf-tischtennis.de\/index.php?rest_route=\/wp\/v2\/pages\/13878\/revisions"}],"predecessor-version":[{"id":18207,"href":"https:\/\/tusferndorf-tischtennis.de\/index.php?rest_route=\/wp\/v2\/pages\/13878\/revisions\/18207"}],"up":[{"embeddable":true,"href":"https:\/\/tusferndorf-tischtennis.de\/index.php?rest_route=\/wp\/v2\/pages\/12844"}],"wp:attachment":[{"href":"https:\/\/tusferndorf-tischtennis.de\/index.php?rest_route=%2Fwp%2Fv2%2Fmedia&parent=13878"}],"curies":[{"name":"wp","href":"https:\/\/api.w.org\/{rel}","templated":true}]}}