{"id":14234,"date":"2019-07-01T14:54:28","date_gmt":"2019-07-01T12:54:28","guid":{"rendered":"http:\/\/www.ben-cms.de\/web005\/?page_id=14234"},"modified":"2025-10-06T14:52:22","modified_gmt":"2025-10-06T12:52:22","slug":"1-herren","status":"publish","type":"page","link":"https:\/\/tusferndorf-tischtennis.de\/?page_id=14234","title":{"rendered":"Herren I (2. Bezirksliga Gr. 2)"},"content":{"rendered":"<p><strong><span style=\"text-decoration: underline;\"><span style=\"font-size: 14pt;\">Aufstellung<\/span><\/span>:<\/strong><\/p>\n<p>1. <a href=\"https:\/\/wttv.click-tt.de\/cgi-bin\/WebObjects\/nuLigaTTDE.woa\/wa\/playerPortrait?federation=WTTV&amp;season=2023%2F24&amp;person=521373&amp;club=8313\" target=\"_blank\" rel=\"noopener\">Thorsten H\u00e4hn<\/a><\/p>\n<p>2. <a href=\"https:\/\/wttv.click-tt.de\/cgi-bin\/WebObjects\/nuLigaTTDE.woa\/wa\/playerPortrait?federation=WTTV&amp;season=2023%2F24&amp;person=579661&amp;club=8313\" target=\"_blank\" rel=\"noopener\">R\u00fcdiger Treude<\/a><\/p>\n<p>3. <a href=\"https:\/\/wttv.click-tt.de\/cgi-bin\/WebObjects\/nuLigaTTDE.woa\/wa\/playerPortrait?federation=WTTV&amp;season=2023%2F24&amp;person=539123&amp;club=8313\">Michael Kroel<\/a><\/p>\n<p>4. <a href=\"https:\/\/wttv.click-tt.de\/cgi-bin\/WebObjects\/nuLigaTTDE.woa\/wa\/playerPortrait?federation=WTTV&amp;season=2021%2F22&amp;person=862282&amp;club=8313\" target=\"_blank\" rel=\"noopener\">Schulte, Thorsten<\/a><\/p>\n<p>&nbsp;<\/p>\n<p><a href=\"https:\/\/wttv.click-tt.de\/cgi-bin\/WebObjects\/nuLigaTTDE.woa\/wa\/groupPage?championship=S%C3%BCdwestfalen+25%2F26&amp;group=497375\" target=\"_blank\" rel=\"noopener noreferrer\"><strong>Tabelle<\/strong><\/a><br \/>\n<strong><a href=\"https:\/\/wttv.click-tt.de\/cgi-bin\/WebObjects\/nuLigaTTDE.woa\/wa\/teamPortrait?teamtable=4092838&amp;pageState=vorrunde&amp;championship=S%C3%BCdwestfalen+25%2F26&amp;group=497375\" target=\"_blank\" rel=\"noopener noreferrer\">Spielplan<\/a><\/strong><\/p>\n<p>Mannschaftsf\u00fchrer: <a href=\"https:\/\/tusferndorf-tischtennis.de\/?page_id=13871\">H\u00e4hn, Thorsten<\/a><\/p>\n<p><a href=\"thorsten.haehn@tusferndorf-tischtennis.de\">Kontakt<\/a><\/p>\n","protected":false},"excerpt":{"rendered":"<p>Aufstellung: 1. Thorsten H\u00e4hn 2. R\u00fcdiger Treude 3. Michael Kroel 4. Schulte, Thorsten &nbsp; Tabelle Spielplan Mannschaftsf\u00fchrer: H\u00e4hn, Thorsten Kontakt<\/p>\n","protected":false},"author":2,"featured_media":0,"parent":14848,"menu_order":1,"comment_status":"closed","ping_status":"closed","template":"","meta":{"footnotes":""},"class_list":["post-14234","page","type-page","status-publish","hentry"],"_links":{"self":[{"href":"https:\/\/tusferndorf-tischtennis.de\/index.php?rest_route=\/wp\/v2\/pages\/14234","targetHints":{"allow":["GET"]}}],"collection":[{"href":"https:\/\/tusferndorf-tischtennis.de\/index.php?rest_route=\/wp\/v2\/pages"}],"about":[{"href":"https:\/\/tusferndorf-tischtennis.de\/index.php?rest_route=\/wp\/v2\/types\/page"}],"author":[{"embeddable":true,"href":"https:\/\/tusferndorf-tischtennis.de\/index.php?rest_route=\/wp\/v2\/users\/2"}],"replies":[{"embeddable":true,"href":"https:\/\/tusferndorf-tischtennis.de\/index.php?rest_route=%2Fwp%2Fv2%2Fcomments&post=14234"}],"version-history":[{"count":6,"href":"https:\/\/tusferndorf-tischtennis.de\/index.php?rest_route=\/wp\/v2\/pages\/14234\/revisions"}],"predecessor-version":[{"id":16927,"href":"https:\/\/tusferndorf-tischtennis.de\/index.php?rest_route=\/wp\/v2\/pages\/14234\/revisions\/16927"}],"up":[{"embeddable":true,"href":"https:\/\/tusferndorf-tischtennis.de\/index.php?rest_route=\/wp\/v2\/pages\/14848"}],"wp:attachment":[{"href":"https:\/\/tusferndorf-tischtennis.de\/index.php?rest_route=%2Fwp%2Fv2%2Fmedia&parent=14234"}],"curies":[{"name":"wp","href":"https:\/\/api.w.org\/{rel}","templated":true}]}}